{"id":13,"date":"2020-02-10T02:24:53","date_gmt":"2020-02-10T02:24:53","guid":{"rendered":"http:\/\/franciscozayas.info\/?page_id=13"},"modified":"2024-08-29T20:30:14","modified_gmt":"2024-08-29T20:30:14","slug":"bio","status":"publish","type":"page","link":"https:\/\/franciscozayas.info\/?page_id=13","title":{"rendered":"BIO"},"content":{"rendered":"\n<figure class=\"wp-block-image size-large\"><img decoding=\"async\" src=\"http:\/\/franciscozayas.info\/wp-content\/uploads\/2020\/02\/Historia-de-un-Pueblo-2009-SomArtSan-Francisco-Cal.-1024x768.jpg\" alt=\"\" class=\"wp-image-28\"\/><figcaption> Zayas in 2006 \u201cArte Contemporaneo de El Salvador\u201d, SomArt Bay Gallery, San Francisco Ca. USA<\/figcaption><\/figure>\n\n\n\n<p><strong>FRANCISCO I. ZAYAS ALVARADO<\/strong><\/p>\n\n\n\n<p>San Salvador, 1946<\/p>\n\n\n\n<p>Con estudios en la Escuela de Arquitectura de la Universidad de El Salvador, posee estudios de licenciatura en Bellas Artes en California College of Arts and Crafts, (California, Estados Unidos) y egresado en la licenciatura de Dise\u00f1o Gr\u00e1fico, Universidad \u201cDr. Jos\u00e9 Mat\u00edas Delgado\u201d (El Salvador). &nbsp;Cursos libres de Artes Visuales, Centro Nacional de Artes, (CENAR), de El Salvador. Fue miembro de la junta directiva de la Asociaci\u00f3n de Artistas Pl\u00e1sticos de El Salvador, (ADAPES). Formo parte del Colectivo de Artistas Visuales \u201cLa F\u00e1bri-k\u201d.<\/p>\n\n\n\n<p>Directivo de\nla Asociaci\u00f3n de Artistas Pl\u00e1sticos de El Salvador. ADAPES. (2000-2007)<\/p>\n\n\n\n<p>Presidente\ndel Comit\u00e9 Cultural &nbsp;del Lice\u00e9 Francais, Espace Culturel. El Salvador\n(2003-2007).<\/p>\n\n\n\n<p>Miembro\nfundador del grupo de artistas visuales La F\u00e1bri-k<\/p>\n\n\n\n<p>Exposiciones\nindividuales y colectivas, nacionales e internacionales, desde el a\u00f1o1974 al\n2019.<\/p>\n\n\n\n<p>&#8220;Mi obra contiene parte de ocurrencias visuales, c\u00f3digos y se\u00f1ales que son producto de mis fragilidades diarias, combinadas&nbsp; de una determinada manera, es una experiencia pl\u00e1stica espec\u00edfica, de cada uno de&nbsp; mis trabajos, donde experimento la conducta de los materiales, los colores y formas, parecer\u00eda un trabajo azaroso pero parten de una ideolog\u00eda o concepto, donde recurro a la memoria de datos y&nbsp; material visual,&nbsp;&nbsp; guardado previamente, el cual va sufriendo transformaciones hasta lograr una experiencia est\u00e9tica de rigor formal e informalidad. Narrando estas peque\u00f1as historias!<\/p>\n\n\n\n<p>Todo el proceso que sufre la obra, puede decirse que tiene algo de accidental, pero es el tr\u00e1nsito de los colores y las formas que me hacen reflexionar&nbsp; y determinar el acontecimiento temporal visual. Poco a poco se va encaminado hacia una s\u00edntesis de&nbsp; abstracci\u00f3n sugiriendo formas en ese proceso conceptual.&#8221;<\/p>\n\n\n\n<p>Francisco I. Zayas A.<\/p>\n\n\n\n<p><strong>Exposiciones Individuales: <\/strong><\/p>\n\n\n\n<p>2005 Alianza\nFrancesa, \u201cCoincidencias Diarias\u201d.<\/p>\n\n\n\n<p>2007 Rinc\u00f3n\ndel Arte, Hotel Radisson \u201cConsecuencias Diarias II\u201d.<\/p>\n\n\n\n<p>2011 Teatro\nLuis Poma \u201cProcesos de Identidad\u201d.<\/p>\n\n\n\n<p>2011 De Gallery\n\u201cProcesos de Identidad II\u201d.<\/p>\n\n\n\n<p>2012 Centro\nCultural de La Embajada de M\u00e9xico, \u201cLife is a catwalk\u201d.<\/p>\n\n\n\n<p>2016 Museo\nForma, Series \u201cEn busca de Identidad II\u201d y \u201cAl este del para\u00edso\u201d.<\/p>\n\n\n\n<p>2017 &nbsp;Centro Cultural Salvadore\u00f1o Alem\u00e1n, \u201cLos\nAzacuanes\u201d.<\/p>\n\n\n\n<p>2017 Centro\nCultural de M\u00e9xico, \u201cProyecciones Abstractas\u201d.<\/p>\n\n\n\n<p><strong>Exposiciones Colectivas: <\/strong><\/p>\n\n\n\n<p>2000-2002\nExposition de Pinture, Le Lyc\u00e9e Francais de San Salvador<\/p>\n\n\n\n<p>2005\n\u201cContactos\u201d Grabado Internacional, ADAPES, So\u00f1ar al Rev\u00e9s,<\/p>\n\n\n\n<p>&nbsp;&nbsp;&nbsp;&nbsp;&nbsp;&nbsp;&nbsp;&nbsp;&nbsp;&nbsp;&nbsp; Sala Nacional Salarrue<\/p>\n\n\n\n<p>2006 \u201cArte\nContemporaneo de El Salvador\u201d, SomArt Bay Gallery, San <\/p>\n\n\n\n<p>&nbsp;&nbsp;&nbsp;&nbsp;&nbsp;&nbsp;&nbsp;&nbsp;&nbsp; Francisco, Ca. Estados Unidos<\/p>\n\n\n\n<p>2006 Homenaje\na Ra\u00fal Elas Reyes, Centro Cultural de Espa\u00f1a, San Salvador, <\/p>\n\n\n\n<p>2006 Edu\nGallery, Panam\u00e1, Panam\u00e1, <\/p>\n\n\n\n<p>2006 Fundaci\u00f3n\nMar\u00eda Escal\u00f3n de Nu\u00f1ez, San Salvador, <\/p>\n\n\n\n<p>2006 \u201cExposici\u00f3n\nNacional de Pintura\u201d, Asamblea Legislativa, Prof. Rub\u00e9n <\/p>\n\n\n\n<p>&nbsp;&nbsp;&nbsp;&nbsp;&nbsp;&nbsp;&nbsp;&nbsp;&nbsp;&nbsp;&nbsp; Orellana. <\/p>\n\n\n\n<p>2007 Alpha Fine Gallery, Miami, Florida,.<\/p>\n\n\n\n<p>2007 \u201cC\u00f3digo\nde Barras\u201d La F\u00e1bri-K, El Salvador<\/p>\n\n\n\n<p>2007 \u201cABSTRACTICA\u201d\nGaler\u00eda 1,2,3.. <\/p>\n\n\n\n<p>2007 \u201creVisiones\u201d,\nencuentros con el Arte de El Salvador, Museo MARTE, El <\/p>\n\n\n\n<p>&nbsp; Salvador. <\/p>\n\n\n\n<p>2007 Edge Zone Art Gallery, Art Basel, &#8220;Art\nBasel&#8221; Miami, Florida, USA<\/p>\n\n\n\n<p>2008\n&#8220;Territorios&#8221; La Fabri-K &nbsp;Galer\u00eda La Pinacoteca, San Salvador<\/p>\n\n\n\n<p>2009\n&#8220;Alure&#8221; La Francofonia, &nbsp;La Alianza Francesa<\/p>\n\n\n\n<p>2009\n&#8220;Fotograf\u00eda de un pueblo&#8221; SomArts Gallery, San Francisco Cal. USA<\/p>\n\n\n\n<p>2010\n&#8220;Fabrica Abitada&#8221; &nbsp;La Fabri-K, La Libertad<\/p>\n\n\n\n<p>2011\n\u201cRevisiones de Nuestra Memoria Hist\u00f3rica\u201d, ADAPES, Sala Nacional<\/p>\n\n\n\n<p>&nbsp;&nbsp;&nbsp;&nbsp;&nbsp;&nbsp;&nbsp;&nbsp;&nbsp;&nbsp; Salarrue, San Salvador<\/p>\n\n\n\n<p>2011 &#8221;\nAnalog\u00edas Sensoriales&#8221; Universidad de Costa Rica, San Jos\u00e9, Costa Rica<\/p>\n\n\n\n<p>2012\n&#8220;Analog\u00edas Sensoriales II&#8221; Colectivo La Fabri-K, La Casa Tomada,\nCentro&nbsp;&nbsp; <\/p>\n\n\n\n<p>&nbsp;&nbsp;&nbsp;&nbsp;&nbsp;&nbsp;&nbsp;&nbsp;&nbsp;&nbsp; Cultural de Espa\u00f1a<\/p>\n\n\n\n<p>2013 \u201cOpen\nEdition\u201d gicl\u00e9e, Teatro Luis Poma<\/p>\n\n\n\n<p>2013\n&nbsp;Centro de Cultura &#8220;Rafael Meza Allau&#8221; Universidad Don Bosco,\ncolecci\u00f3n permanente.<\/p>\n\n\n\n<p>2013\n&#8220;Del Papel A la Pantalla&#8221; Museo MUTE, Santa Tecla.<\/p>\n\n\n\n<p>2014\n&#8220;Bajo Presi\u00f3n 2014&#8221; &nbsp;&nbsp;Museo MUNA, San Salvador<\/p>\n\n\n\n<p>2014\n&#8220;Evocaciones&#8221; &nbsp;Galer\u00eda de Pascal, &nbsp;Suchitoto <\/p>\n\n\n\n<p>2014 &#8220;Insomnio&#8221;\n&nbsp;Palacio de las Artes Alcald\u00eda de Santa Tecla<\/p>\n\n\n\n<p>2015\n&#8220;Bajo Presi\u00f3n 2015&#8221;, Museo MUNA<\/p>\n\n\n\n<p>2015 \u201cSin\nT\u00edtulo\u201d Teatro Luis Poma<\/p>\n\n\n\n<p>2015\n&nbsp;&nbsp;&#8220;Vision Pictorica Contempor\u00e1nea de El Salvador&#8221; Palacio\nNacional de <\/p>\n\n\n\n<p>&nbsp;&nbsp;&nbsp;&nbsp;&nbsp;&nbsp;&nbsp;&nbsp;&nbsp;&nbsp;&nbsp;&nbsp; El Salvador<\/p>\n\n\n\n<p>2015 Participaci\u00f3n\nde Subasta MARTE ( 2010 al 2015)<\/p>\n\n\n\n<p>2015\n&#8220;MONOPRINTS&#8221; Foro Cultural Alem\u00e1n, Escuela Alemana.<\/p>\n\n\n\n<p>2015 \u201cLa\nidea pese al tiempo\u201d Abstracci\u00f3n Contempor\u00e1nea 2015, Sala <\/p>\n\n\n\n<p>&nbsp;&nbsp;&nbsp;&nbsp;&nbsp;&nbsp;&nbsp;&nbsp;&nbsp;&nbsp;&nbsp; Nacional Salarru\u00e9<\/p>\n\n\n\n<p>2016 \u201cBAJO\nPRESI\u00d3N 2016\u201d Museo MUNA, San Salvador.<\/p>\n\n\n\n<p>2017\n\u201cInspiraciones del alma\u201d <\/p>\n\n\n\n<p>2018 \u201cSal\u00f3n\nde la acuarela\u201d Pinacoteca Roque Dalton, UES<\/p>\n\n\n\n<p>2019\n\u201cPaisajes del entorno\u201d, Sala de EXCAPRES<\/p>\n\n\n\n<p>2019\n\u201cFracciones de Realidad\u201d Pinacoteca Roque Dalton, UES<\/p>\n\n\n\n<p>2019 \u201c50\nArtistas 50 Obras\u201d Museo Marte de El Salvador<\/p>\n","protected":false},"excerpt":{"rendered":"<p>FRANCISCO I. ZAYAS ALVARADO San Salvador, 1946 Con estudios en la Escuela de Arquitectura de la Universidad de El Salvador, posee estudios de licenciatura en Bellas Artes en California College of Arts and Crafts, (California, Estados Unidos) y egresado en la licenciatura de Dise\u00f1o Gr\u00e1fico, Universidad \u201cDr. Jos\u00e9 Mat\u00edas Delgado\u201d (El Salvador). &nbsp;Cursos libres de [&hellip;]<\/p>\n","protected":false},"author":1,"featured_media":1035,"parent":0,"menu_order":0,"comment_status":"closed","ping_status":"closed","template":"","meta":{"footnotes":""},"class_list":["post-13","page","type-page","status-publish","has-post-thumbnail","hentry"],"_links":{"self":[{"href":"https:\/\/franciscozayas.info\/index.php?rest_route=\/wp\/v2\/pages\/13","targetHints":{"allow":["GET"]}}],"collection":[{"href":"https:\/\/franciscozayas.info\/index.php?rest_route=\/wp\/v2\/pages"}],"about":[{"href":"https:\/\/franciscozayas.info\/index.php?rest_route=\/wp\/v2\/types\/page"}],"author":[{"embeddable":true,"href":"https:\/\/franciscozayas.info\/index.php?rest_route=\/wp\/v2\/users\/1"}],"replies":[{"embeddable":true,"href":"https:\/\/franciscozayas.info\/index.php?rest_route=%2Fwp%2Fv2%2Fcomments&post=13"}],"version-history":[{"count":1,"href":"https:\/\/franciscozayas.info\/index.php?rest_route=\/wp\/v2\/pages\/13\/revisions"}],"predecessor-version":[{"id":1582,"href":"https:\/\/franciscozayas.info\/index.php?rest_route=\/wp\/v2\/pages\/13\/revisions\/1582"}],"wp:featuredmedia":[{"embeddable":true,"href":"https:\/\/franciscozayas.info\/index.php?rest_route=\/wp\/v2\/media\/1035"}],"wp:attachment":[{"href":"https:\/\/franciscozayas.info\/index.php?rest_route=%2Fwp%2Fv2%2Fmedia&parent=13"}],"curies":[{"name":"wp","href":"https:\/\/api.w.org\/{rel}","templated":true}]}}