{"id":39,"date":"2020-02-10T18:00:55","date_gmt":"2020-02-10T18:00:55","guid":{"rendered":"https:\/\/franciscozayas.info\/?page_id=39"},"modified":"2020-02-10T18:00:55","modified_gmt":"2020-02-10T18:00:55","slug":"artwork-2018","status":"publish","type":"page","link":"https:\/\/franciscozayas.info\/?page_id=39","title":{"rendered":"Artwork 2018"},"content":{"rendered":"\n<figure class=\"wp-block-image size-large\"><img decoding=\"async\" src=\"https:\/\/franciscozayas.info\/wp-content\/uploads\/2020\/02\/CN2585-1024x768.jpg\" alt=\"\" class=\"wp-image-44\"\/><\/figure>\n\n\n\n<p>obra 1, from the series &#8220;Proyecciones Abstractas&#8221;, oil on canvas,   118 x 90 cm <\/p>\n\n\n\n<figure class=\"wp-block-image size-large is-resized\"><img loading=\"lazy\" decoding=\"async\" src=\"https:\/\/franciscozayas.info\/wp-content\/uploads\/2020\/02\/DS04.jpg\" alt=\"\" class=\"wp-image-46\" width=\"638\" height=\"630\"\/><\/figure>\n\n\n\n<p> obra 2,  from the series &#8220;Proyecciones Abstractas&#8221;, oil on canvas ,   108 x 108 cm <\/p>\n\n\n\n<figure class=\"wp-block-image size-large\"><img decoding=\"async\" src=\"https:\/\/franciscozayas.info\/wp-content\/uploads\/2020\/02\/DS07-1024x1007.jpg\" alt=\"\" class=\"wp-image-48\"\/><\/figure>\n\n\n\n<p> obra 3,  from the series &#8220;Proyecciones Abstractas&#8221;, oil on canvas 110 x 110cm<\/p>\n\n\n\n<figure class=\"wp-block-image size-large\"><img decoding=\"async\" src=\"https:\/\/franciscozayas.info\/wp-content\/uploads\/2020\/02\/DS25-1024x1001.jpg\" alt=\"\" class=\"wp-image-50\"\/><\/figure>\n\n\n\n<p> obra 4,  from the series &#8220;Proyecciones Abstractas&#8221;, oil on canvas  117 x 120 cm <\/p>\n\n\n\n<figure class=\"wp-block-gallery columns-1 is-cropped wp-block-gallery-1 is-layout-flex wp-block-gallery-is-layout-flex\"><ul class=\"blocks-gallery-grid\"><li class=\"blocks-gallery-item\"><figure><img decoding=\"async\" src=\"https:\/\/franciscozayas.info\/wp-content\/uploads\/2020\/02\/DS90-1024x1006.jpg\" alt=\"\" data-id=\"52\" data-full-url=\"https:\/\/franciscozayas.info\/wp-content\/uploads\/2020\/02\/DS90-scaled.jpg\" data-link=\"https:\/\/franciscozayas.info\/?attachment_id=52\" class=\"wp-image-52\"\/><\/figure><\/li><\/ul><\/figure>\n\n\n\n<p> obra 5,  from the series &#8220;Proyecciones Abstractas&#8221;, oil on canvas  117.5 x 119.5cm <\/p>\n\n\n\n<figure class=\"wp-block-image size-large\"><img decoding=\"async\" src=\"https:\/\/franciscozayas.info\/wp-content\/uploads\/2020\/02\/DS88-1013x1024.jpg\" alt=\"\" class=\"wp-image-54\"\/><\/figure>\n\n\n\n<p> obra 6,  from the series &#8220;Proyecciones Abstractas&#8221;, oil on canvas  119&nbsp; x 118 cm <\/p>\n\n\n\n<figure class=\"wp-block-image size-large\"><img decoding=\"async\" src=\"https:\/\/franciscozayas.info\/wp-content\/uploads\/2020\/02\/DS58-1009x1024.jpg\" alt=\"\" class=\"wp-image-57\"\/><\/figure>\n\n\n\n<p> obra 7,  from the series &#8220;Proyecciones Abstractas&#8221;, oil on canvas  119.5 x 117 cm <\/p>\n\n\n\n<figure class=\"wp-block-image size-large\"><img decoding=\"async\" src=\"https:\/\/franciscozayas.info\/wp-content\/uploads\/2020\/02\/DS52-1024x1010.jpg\" alt=\"\" class=\"wp-image-60\"\/><\/figure>\n\n\n\n<p> obra 8,  from the series &#8220;Proyecciones Abstractas&#8221;, oil on canvas  108 x 108 cm <\/p>\n\n\n\n<figure class=\"wp-block-image size-large is-resized\"><img loading=\"lazy\" decoding=\"async\" src=\"https:\/\/franciscozayas.info\/wp-content\/uploads\/2020\/02\/C-I-2-717x1024.jpg\" alt=\"\" class=\"wp-image-65\" width=\"392\" height=\"559\"\/><\/figure>\n\n\n\n<p>small formats 1 &amp; 2,  from the series &#8220;Proyecciones Abstractas&#8221;, oil on canvas <\/p>\n\n\n\n<figure class=\"wp-block-image size-large\"><img decoding=\"async\" src=\"https:\/\/franciscozayas.info\/wp-content\/uploads\/2020\/02\/C-II-1024x553.jpg\" alt=\"\" class=\"wp-image-67\"\/><\/figure>\n\n\n\n<p>small formats 3 &amp; 4,  from the series &#8220;Proyecciones Abstractas&#8221;, oil on canvas <\/p>\n\n\n\n<figure class=\"wp-block-image size-large\"><img decoding=\"async\" src=\"https:\/\/franciscozayas.info\/wp-content\/uploads\/2020\/02\/CN94-1024x776.jpg\" alt=\"\" class=\"wp-image-69\"\/><\/figure>\n\n\n\n<p>small format 5,  from the series &#8220;Proyecciones Abstractas&#8221;, oil on canvas   23 x 23 cm  <\/p>\n\n\n\n<figure class=\"wp-block-image size-large\"><img decoding=\"async\" src=\"https:\/\/franciscozayas.info\/wp-content\/uploads\/2020\/02\/CN95-1024x768.jpg\" alt=\"\" class=\"wp-image-71\"\/><\/figure>\n\n\n\n<p>small format 6,  from the series &#8220;Proyecciones Abstractas&#8221;, oil on canvas  21.50 x 21.50 cm <\/p>\n\n\n\n<figure class=\"wp-block-image size-large\"><img decoding=\"async\" src=\"https:\/\/franciscozayas.info\/wp-content\/uploads\/2020\/02\/CN96-1024x987.jpg\" alt=\"\" class=\"wp-image-73\"\/><\/figure>\n\n\n\n<p>small format 7,  from the series &#8220;Proyecciones Abstractas&#8221;, oil on canvas  28 x 28 cm <\/p>\n\n\n\n<figure class=\"wp-block-image size-large\"><img decoding=\"async\" src=\"https:\/\/franciscozayas.info\/wp-content\/uploads\/2020\/02\/CN97-1024x971.jpg\" alt=\"\" class=\"wp-image-76\"\/><\/figure>\n\n\n\n<p>small format 8,  from the series &#8220;Proyecciones Abstractas&#8221;, oil on canvas  28 x 28 cm <\/p>\n\n\n\n<figure class=\"wp-block-image size-large is-resized\"><img loading=\"lazy\" decoding=\"async\" src=\"https:\/\/franciscozayas.info\/wp-content\/uploads\/2020\/02\/N90-1024x1022.jpg\" alt=\"\" class=\"wp-image-78\" width=\"545\" height=\"543\"\/><\/figure>\n\n\n\n<p>small format 9,  from the series &#8220;Proyecciones Abstractas&#8221;, oil on canvas  23 x 22 cm <\/p>\n\n\n\n<figure class=\"wp-block-image size-large is-resized\"><img loading=\"lazy\" decoding=\"async\" src=\"https:\/\/franciscozayas.info\/wp-content\/uploads\/2020\/02\/N94-1024x896.jpg\" alt=\"\" class=\"wp-image-80\" width=\"562\" height=\"491\"\/><\/figure>\n\n\n\n<p>small format  10,  from the series &#8220;Proyecciones Abstractas&#8221;, oil on canvas  23 x 22 cm <\/p>\n\n\n\n<figure class=\"wp-block-image size-large\"><img decoding=\"async\" src=\"https:\/\/franciscozayas.info\/wp-content\/uploads\/2020\/02\/POSTAL-para-impresi\u00f3n-FRANCISCO-ZAYAS-683x1024.jpg\" alt=\"\" class=\"wp-image-83\"\/><\/figure>\n\n\n\n<p>Brosure from the expo &#8220;Proyecciones Abstractas&#8221;, at Sala de Exhibiciones de la embajada de Mexico.<\/p>\n\n\n\n<p>&#8220;El d\u00eda duerme. A trav\u00e9s de mi ventana observo todo lo que existe. Y es mucho, y es poco. Pienso en los cielos que anhelo pintar; escojo palabras que debo escribir. Aunque s\u00e9 que &#8220;no hay nada nuevo bajo el sol&#8221;, intentar\u00e9 adentrarme en el cauce de la creaci\u00f3n. Y abrir\u00e9 m\u00e1s ventanas, condensar\u00e9 mis ideales y dejar\u00e9, entonces, que el filtro del tiempo los acu\u00f1e o los queme&#8221;. <\/p>\n\n\n\n<p>poem from <strong>Lovey Arguello<\/strong> for the expo<\/p>\n\n\n\n<p>&#8220;<strong>PROYECCIONES ABSTRACTAS se denomina la nueva serie pict\u00f3rica que presenta&nbsp; Francisco Zayas en el Centro Cultural de M\u00e9xico. La exposici\u00f3n est\u00e1 compuesta por una serie de pinturas que poseen elementos comunes: el color y la similitud de las formas. Colores neutros y c\u00e1lidos se combinan para presentar un universo pict\u00f3rico que elimina de s\u00ed toda alusi\u00f3n a la figuraci\u00f3n eliminando t\u00e9cnicas que le son afines: la anatom\u00eda, el claroscuro para producir vol\u00famenes y la perspectiva, convirti\u00e9ndose el color en el personaje principal de la obra. La forma tambi\u00e9n cobra importancia. Digo forma y no figura. Figura es la apariencia, el aspecto que atribuimos a las cosas naturales o no, porque pueden haber sido elaboradas por el ser humano, las cosas, dec\u00eda, que nos rodean. Cuando hablamos de figura nos estamos refiriendo a la imagen. La forma proviene del griego morpha y significa&nbsp; molde. La forma es la manifestaci\u00f3n de la esencia. <\/strong><\/p>\n\n\n\n<p><strong>Todo esto observamos en la\nexposici\u00f3n de Francisco Zayas, influenciado por el Campo de Color y el\nMinimalismo, corrientes de la pl\u00e1stica que buscan expresarse a partir de lo\nsimple, lo sencillo, lo despojado de todo ornamento. Estas corrientes\npict\u00f3ricas crean un lenguaje propio que Zayas combina en esta ocasi\u00f3n, fruto de\nsus experimentaciones.<\/strong><\/p>\n\n\n\n<p><strong>El blanco, el negro, el rojo,\nligeros toques de amarillo, han bastado para expresarse. Colores planos con\nricas veladuras en los bordes marcan las \u00e1reas que cada uno de ellos ocupa en\nel lienzo. Colores planos, puros, intensos se combinan con las formas que\naparentan repetirse con ligeras distorsiones en cada uno de los cuadros, que\nposeen individualidad y vida propia y, sin embargo, poseen mucho en com\u00fan. Esta\nserie nos permite ese juego: Valorar los cuadros de forma individual pero ligados,\nreferidos siempre al conjunto.<\/strong><\/p>\n\n\n\n<p><strong>Vivimos en un mundo lleno de color, colores que influyen en la conducta humana. El color nos transmite, nos comunica, sensaciones, emociones, valores, estados de \u00e1nimo. El color ha existido siempre, proviene de la naturaleza<\/strong>&#8220;<\/p>\n\n\n\n<p><strong>Mario Castrillo<\/strong>, art curator <\/p>\n\n\n\n<p><\/p>\n","protected":false},"excerpt":{"rendered":"<p>obra 1, from the series &#8220;Proyecciones Abstractas&#8221;, oil on canvas, 118 x 90 cm obra 2, from the series &#8220;Proyecciones Abstractas&#8221;, oil on canvas , 108 x 108 cm obra 3, from the series &#8220;Proyecciones Abstractas&#8221;, oil on canvas 110 x 110cm obra 4, from the series &#8220;Proyecciones Abstractas&#8221;, oil on canvas 117 x 120 [&hellip;]<\/p>\n","protected":false},"author":1,"featured_media":0,"parent":0,"menu_order":0,"comment_status":"closed","ping_status":"closed","template":"","meta":{"footnotes":""},"class_list":["post-39","page","type-page","status-publish","hentry"],"_links":{"self":[{"href":"https:\/\/franciscozayas.info\/index.php?rest_route=\/wp\/v2\/pages\/39","targetHints":{"allow":["GET"]}}],"collection":[{"href":"https:\/\/franciscozayas.info\/index.php?rest_route=\/wp\/v2\/pages"}],"about":[{"href":"https:\/\/franciscozayas.info\/index.php?rest_route=\/wp\/v2\/types\/page"}],"author":[{"embeddable":true,"href":"https:\/\/franciscozayas.info\/index.php?rest_route=\/wp\/v2\/users\/1"}],"replies":[{"embeddable":true,"href":"https:\/\/franciscozayas.info\/index.php?rest_route=%2Fwp%2Fv2%2Fcomments&post=39"}],"version-history":[{"count":0,"href":"https:\/\/franciscozayas.info\/index.php?rest_route=\/wp\/v2\/pages\/39\/revisions"}],"wp:attachment":[{"href":"https:\/\/franciscozayas.info\/index.php?rest_route=%2Fwp%2Fv2%2Fmedia&parent=39"}],"curies":[{"name":"wp","href":"https:\/\/api.w.org\/{rel}","templated":true}]}}